{"id":1262,"date":"2025-09-11T13:02:29","date_gmt":"2025-09-11T13:02:29","guid":{"rendered":"https:\/\/www.requestpersonaltraining.firstmovemedia.nl\/?page_id=1262"},"modified":"2025-12-05T12:03:25","modified_gmt":"2025-12-05T12:03:25","slug":"prijzen","status":"publish","type":"page","link":"https:\/\/requestpersonaltraining.nl\/index.php\/prijzen\/","title":{"rendered":"Prijzen"},"content":{"rendered":"\t\t<div data-elementor-type=\"wp-page\" data-elementor-id=\"1262\" class=\"elementor elementor-1262\" data-elementor-post-type=\"page\">\n\t\t\t\t<div class=\"elementor-element elementor-element-309c339 e-flex e-con-boxed e-con e-parent\" data-id=\"309c339\" data-element_type=\"container\" data-e-type=\"container\" data-settings=\"{&quot;background_background&quot;:&quot;classic&quot;}\">\n\t\t\t\t\t<div class=\"e-con-inner\">\n\t\t\t\t<div class=\"elementor-element elementor-element-b4650dd elementor-widget elementor-widget-heading\" data-id=\"b4650dd\" data-element_type=\"widget\" data-e-type=\"widget\" data-widget_type=\"heading.default\">\n\t\t\t\t\t<h2 class=\"elementor-heading-title elementor-size-default\">Prijzen<\/h2>\t\t\t\t<\/div>\n\t\t\t\t\t<\/div>\n\t\t\t\t<\/div>\n\t\t<div class=\"elementor-element elementor-element-4c45c89 e-flex e-con-boxed e-con e-parent\" data-id=\"4c45c89\" data-element_type=\"container\" data-e-type=\"container\" data-settings=\"{&quot;background_background&quot;:&quot;classic&quot;}\">\n\t\t\t\t\t<div class=\"e-con-inner\">\n\t\t\t\t<div class=\"elementor-element elementor-element-fad23af elementor-invisible elementor-widget elementor-widget-heading\" data-id=\"fad23af\" data-element_type=\"widget\" data-e-type=\"widget\" data-settings=\"{&quot;_animation&quot;:&quot;slideInLeft&quot;}\" data-widget_type=\"heading.default\">\n\t\t\t\t\t<h3 class=\"elementor-heading-title elementor-size-default\">Wij doen het net even anders<\/h3>\t\t\t\t<\/div>\n\t\t\t\t<div class=\"elementor-element elementor-element-ea382eb elementor-widget elementor-widget-heading\" data-id=\"ea382eb\" data-element_type=\"widget\" data-e-type=\"widget\" data-settings=\"{&quot;_animation&quot;:&quot;none&quot;}\" data-widget_type=\"heading.default\">\n\t\t\t\t\t<h2 class=\"elementor-heading-title elementor-size-default\">Geen abonnementen, geen vaste contracten.<\/h2>\t\t\t\t<\/div>\n\t\t<div class=\"elementor-element elementor-element-e1a56fe e-con-full e-flex e-con e-child\" data-id=\"e1a56fe\" data-element_type=\"container\" data-e-type=\"container\">\n\t\t\t\t<div class=\"elementor-element elementor-element-2581765 elementor-widget__width-initial elementor-widget elementor-widget-heading\" data-id=\"2581765\" data-element_type=\"widget\" data-e-type=\"widget\" data-widget_type=\"heading.default\">\n\t\t\t\t\t<p class=\"elementor-heading-title elementor-size-default\">Je kiest zelf of je op vaste momenten wilt trainen, of liever je sessies flexibel inplant. Je kiest sessies van 30, 45 of 60 minuten, afhankelijk van jouw behoefte. Je mag zelfs iemand gratis meenemen om samen te trainen. Wanneer je situatie of behoefte veranderd zit je niet vast aan een abonnement en denken wij graag flexibel met je mee.<\/p>\t\t\t\t<\/div>\n\t\t\t\t<div class=\"elementor-element elementor-element-44babd0 elementor-widget__width-initial elementor-widget elementor-widget-heading\" data-id=\"44babd0\" data-element_type=\"widget\" data-e-type=\"widget\" data-widget_type=\"heading.default\">\n\t\t\t\t\t<p class=\"elementor-heading-title elementor-size-default\">Dat is hoe wij werken bij ReQuest. Want sporten moet passen bij j\u00f3uw leven \u2013 niet andersom.<\/p>\t\t\t\t<\/div>\n\t\t\t\t<div class=\"elementor-element elementor-element-49ecac5 elementor-widget__width-initial elementor-widget elementor-widget-heading\" data-id=\"49ecac5\" data-element_type=\"widget\" data-e-type=\"widget\" data-widget_type=\"heading.default\">\n\t\t\t\t\t<p class=\"elementor-heading-title elementor-size-default\">Personal training is \u2013 de naam zegt het al \u2013 persoonlijk. Dat betekent dat het belangrijk is om eerst samen te bespreken wat jouw persoonlijke doelen zijn en wat we gaan doen om deze te bereiken. Omdat dit voor iedereen verschillend is, is het onmogelijk een vaste prijs voor personal training te noemen. Er bestaat geen standaard prijs voor een persoonlijk doel. Wij adviseren je graag!\n<\/p>\t\t\t\t<\/div>\n\t\t\t\t<div class=\"elementor-element elementor-element-929de93 elementor-widget__width-initial elementor-widget elementor-widget-heading\" data-id=\"929de93\" data-element_type=\"widget\" data-e-type=\"widget\" data-widget_type=\"heading.default\">\n\t\t\t\t\t<p class=\"elementor-heading-title elementor-size-default\">Wij bekijken in iedere kennismaking de situatie, de doelen en het budget en willen dit zo goed mogelijk op elkaar afstemmen. Neem contact met ons op en laat je informeren tijdens een persoonlijk gesprek. Je zult zien dat personal training \u00f3\u00f3k voor jou binnen handbereik ligt. Het enige dat telt, is dat je er \u00e9cht voor wilt gaan.<\/p>\t\t\t\t<\/div>\n\t\t\t\t<div class=\"elementor-element elementor-element-40d0da1 elementor-widget__width-initial elementor-widget elementor-widget-heading\" data-id=\"40d0da1\" data-element_type=\"widget\" data-e-type=\"widget\" data-widget_type=\"heading.default\">\n\t\t\t\t\t<p class=\"elementor-heading-title elementor-size-default\">dat telt, is dat je er \u00e9cht voor wilt gaan.\nTrainen moet geen verplichting zijn. Het is een investering in jezelf. In je energie, je gezondheid en je toekomst.<\/p>\t\t\t\t<\/div>\n\t\t\t\t<\/div>\n\t\t\t\t\t<\/div>\n\t\t\t\t<\/div>\n\t\t<div class=\"elementor-element elementor-element-eec4c59 e-flex e-con-boxed e-con e-parent\" data-id=\"eec4c59\" data-element_type=\"container\" data-e-type=\"container\" data-settings=\"{&quot;background_background&quot;:&quot;classic&quot;}\">\n\t\t\t\t\t<div class=\"e-con-inner\">\n\t\t\t\t<div class=\"elementor-element elementor-element-735c116 elementor-view-default elementor-widget elementor-widget-icon\" data-id=\"735c116\" data-element_type=\"widget\" data-e-type=\"widget\" data-widget_type=\"icon.default\">\n\t\t\t\t\t\t\t<div class=\"elementor-icon-wrapper\">\n\t\t\t<div class=\"elementor-icon\">\n\t\t\t<svg xmlns=\"http:\/\/www.w3.org\/2000\/svg\" viewBox=\"0 0 25 22\"><path d=\"M24.846.345v4.16c-.996.087-1.906.477-2.73 1.17-.78.694-1.408 1.582-1.884 2.665-.434 1.04-.65 2.188-.65 3.445h5.07v10.01H14.315V12.89c0-2.73.477-4.983 1.43-6.76.997-1.776 2.297-3.141 3.9-4.095a12.275 12.275 0 0 1 5.2-1.69Zm-14.104 0v4.16c-.997.087-1.907.477-2.73 1.17-.78.694-1.409 1.582-1.886 2.665-.433 1.04-.65 2.188-.65 3.445h5.006v10.01H.146V12.89c0-2.73.499-4.983 1.495-6.76.997-1.776 2.297-3.141 3.9-4.095a12.275 12.275 0 0 1 5.2-1.69Z\"><\/path><\/svg>\t\t\t<\/div>\n\t\t<\/div>\n\t\t\t\t\t\t<\/div>\n\t\t\t\t<div class=\"elementor-element elementor-element-d336e29 elementor-widget elementor-widget-heading\" data-id=\"d336e29\" data-element_type=\"widget\" data-e-type=\"widget\" data-widget_type=\"heading.default\">\n\t\t\t\t\t<h2 class=\"elementor-heading-title elementor-size-default\">Ben jij klaar voor de beste investering ooit? <\/h2>\t\t\t\t<\/div>\n\t\t\t\t<div class=\"elementor-element elementor-element-66254d8 elementor-invisible elementor-widget elementor-widget-heading\" data-id=\"66254d8\" data-element_type=\"widget\" data-e-type=\"widget\" data-settings=\"{&quot;_animation&quot;:&quot;slideInUp&quot;}\" data-widget_type=\"heading.default\">\n\t\t\t\t\t<h2 class=\"elementor-heading-title elementor-size-default\">Die in jezelf<\/h2>\t\t\t\t<\/div>\n\t\t\t\t\t<\/div>\n\t\t\t\t<\/div>\n\t\t<div class=\"elementor-element elementor-element-27b646b e-flex e-con-boxed e-con e-parent\" data-id=\"27b646b\" data-element_type=\"container\" data-e-type=\"container\" data-settings=\"{&quot;background_background&quot;:&quot;classic&quot;}\">\n\t\t\t\t\t<div class=\"e-con-inner\">\n\t\t<div class=\"elementor-element elementor-element-222766a e-con-full e-flex e-con e-child\" data-id=\"222766a\" data-element_type=\"container\" data-e-type=\"container\" data-settings=\"{&quot;background_background&quot;:&quot;classic&quot;}\">\n\t\t\t\t<div class=\"elementor-element elementor-element-92efa72 elementor-widget elementor-widget-heading\" data-id=\"92efa72\" data-element_type=\"widget\" data-e-type=\"widget\" data-widget_type=\"heading.default\">\n\t\t\t\t\t<h2 class=\"elementor-heading-title elementor-size-default\">Kennismaken?<\/h2>\t\t\t\t<\/div>\n\t\t\t\t<div class=\"elementor-element elementor-element-eab856b elementor-widget elementor-widget-text-editor\" data-id=\"eab856b\" data-element_type=\"widget\" data-e-type=\"widget\" data-widget_type=\"text-editor.default\">\n\t\t\t\t\t\t\t\t\t<p>Ook jouw persoonlijke doelen halen?<\/p>\t\t\t\t\t\t\t\t<\/div>\n\t\t\t\t<div class=\"elementor-element elementor-element-fbe96f0 elementor-widget elementor-widget-text-editor\" data-id=\"fbe96f0\" data-element_type=\"widget\" data-e-type=\"widget\" data-widget_type=\"text-editor.default\">\n\t\t\t\t\t\t\t\t\t<p>In een vrijblijvend gesprek bespreken we de mogelijkheden van personal training.<br \/>Maak een afspraak voor een persoonlijk advies.<\/p>\t\t\t\t\t\t\t\t<\/div>\n\t\t\t\t<div class=\"elementor-element elementor-element-3678384 elementor-align-center elementor-widget elementor-widget-button\" data-id=\"3678384\" data-element_type=\"widget\" data-e-type=\"widget\" data-widget_type=\"button.default\">\n\t\t\t\t\t\t\t\t\t\t<a class=\"elementor-button elementor-button-link elementor-size-sm\" href=\"https:\/\/requestpersonaltraining.nl\/index.php\/contact\/\">\n\t\t\t\t\t\t<span class=\"elementor-button-content-wrapper\">\n\t\t\t\t\t\t\t\t\t<span class=\"elementor-button-text\">AFSPRAAK KENNISMAKEN<\/span>\n\t\t\t\t\t<\/span>\n\t\t\t\t\t<\/a>\n\t\t\t\t\t\t\t\t<\/div>\n\t\t\t\t<\/div>\n\t\t\t\t\t<\/div>\n\t\t\t\t<\/div>\n\t\t\t\t<\/div>\n\t\t","protected":false},"excerpt":{"rendered":"<p>Prijzen Wij doen het net even anders Geen abonnementen, geen vaste contracten. Je kiest zelf of je op vaste momenten wilt trainen, of liever je sessies flexibel inplant. Je kiest sessies van 30, 45 of 60 minuten, afhankelijk van jouw behoefte. Je mag zelfs iemand gratis meenemen om samen te trainen. Wanneer je situatie of [&hellip;]<\/p>\n","protected":false},"author":1,"featured_media":0,"parent":0,"menu_order":0,"comment_status":"closed","ping_status":"closed","template":"","meta":{"footnotes":""},"class_list":["post-1262","page","type-page","status-publish","hentry"],"_links":{"self":[{"href":"https:\/\/requestpersonaltraining.nl\/index.php\/wp-json\/wp\/v2\/pages\/1262","targetHints":{"allow":["GET"]}}],"collection":[{"href":"https:\/\/requestpersonaltraining.nl\/index.php\/wp-json\/wp\/v2\/pages"}],"about":[{"href":"https:\/\/requestpersonaltraining.nl\/index.php\/wp-json\/wp\/v2\/types\/page"}],"author":[{"embeddable":true,"href":"https:\/\/requestpersonaltraining.nl\/index.php\/wp-json\/wp\/v2\/users\/1"}],"replies":[{"embeddable":true,"href":"https:\/\/requestpersonaltraining.nl\/index.php\/wp-json\/wp\/v2\/comments?post=1262"}],"version-history":[{"count":52,"href":"https:\/\/requestpersonaltraining.nl\/index.php\/wp-json\/wp\/v2\/pages\/1262\/revisions"}],"predecessor-version":[{"id":1689,"href":"https:\/\/requestpersonaltraining.nl\/index.php\/wp-json\/wp\/v2\/pages\/1262\/revisions\/1689"}],"wp:attachment":[{"href":"https:\/\/requestpersonaltraining.nl\/index.php\/wp-json\/wp\/v2\/media?parent=1262"}],"curies":[{"name":"wp","href":"https:\/\/api.w.org\/{rel}","templated":true}]}}